{"id":4,"date":"2011-10-12T09:54:58","date_gmt":"2011-10-12T09:54:58","guid":{"rendered":"http:\/\/www.ilmiostudioonline.com\/?page_id=4"},"modified":"2024-08-19T16:39:36","modified_gmt":"2024-08-19T14:39:36","slug":"chi-siamo","status":"publish","type":"page","link":"https:\/\/www.ilmiostudioonline.com\/robertoantonella\/chi-siamo\/","title":{"rendered":"Chi Siamo"},"content":{"rendered":"<p>[[INDIRIZZO_DELLO_STUDIO]]<\/p>\n<p>Studio di Consulenza fiscale, societaria ed amministrativa per piccole e medie imprese. Dinamicit\u00e0, flessibilit\u00e0, professionalit\u00e0.<\/p>\n","protected":false},"excerpt":{"rendered":"<p>[[INDIRIZZO_DELLO_STUDIO]] Studio di Consulenza fiscale, societaria ed amministrativa per piccole e medie imprese. Dinamicit\u00e0, flessibilit\u00e0, professionalit\u00e0.<\/p>\n","protected":false},"author":1854,"featured_media":0,"parent":0,"menu_order":1,"comment_status":"open","ping_status":"open","template":"","meta":[],"_links":{"self":[{"href":"https:\/\/www.ilmiostudioonline.com\/robertoantonella\/wp-json\/wp\/v2\/pages\/4"}],"collection":[{"href":"https:\/\/www.ilmiostudioonline.com\/robertoantonella\/wp-json\/wp\/v2\/pages"}],"about":[{"href":"https:\/\/www.ilmiostudioonline.com\/robertoantonella\/wp-json\/wp\/v2\/types\/page"}],"author":[{"embeddable":true,"href":"https:\/\/www.ilmiostudioonline.com\/robertoantonella\/wp-json\/wp\/v2\/users\/1854"}],"replies":[{"embeddable":true,"href":"https:\/\/www.ilmiostudioonline.com\/robertoantonella\/wp-json\/wp\/v2\/comments?post=4"}],"version-history":[{"count":6,"href":"https:\/\/www.ilmiostudioonline.com\/robertoantonella\/wp-json\/wp\/v2\/pages\/4\/revisions"}],"predecessor-version":[{"id":150098,"href":"https:\/\/www.ilmiostudioonline.com\/robertoantonella\/wp-json\/wp\/v2\/pages\/4\/revisions\/150098"}],"wp:attachment":[{"href":"https:\/\/www.ilmiostudioonline.com\/robertoantonella\/wp-json\/wp\/v2\/media?parent=4"}],"curies":[{"name":"wp","href":"https:\/\/api.w.org\/{rel}","templated":true}]}}