{"id":4,"date":"2011-10-12T09:54:58","date_gmt":"2011-10-12T07:54:58","guid":{"rendered":"http:\/\/www.ilmiostudioonline.com\/?page_id=4"},"modified":"2024-11-18T22:56:51","modified_gmt":"2024-11-18T20:56:51","slug":"chi-siamo","status":"publish","type":"page","link":"https:\/\/www.ilmiostudioonline.com\/studiocomai\/chi-siamo\/","title":{"rendered":"Home"},"content":{"rendered":"\n<h1 class=\"has-text-align-center\"><em>&#8220;Sempre al fianco della tua impresa&#8221;<\/em><\/h1>\n\n\n\n<p><\/p>\n\n\n\n<p class=\"has-text-align-center\">LC Studio di&nbsp;dott.ssa Lara Comai offre servizi di alto livello alle aziende, accompagnando passo dopo passo i propri assistiti nei complessi meandri fiscali. <\/p>\n\n\n\n<p class=\"has-text-align-center\">Il servizio di elaborazione elettronica dei dati contabili permette di soddisfare tutti gli adempimenti previsti dalle norme vigenti. Il cliente pu\u00f2 liberarsi dalle incombenze relative, in quanto il servizio \u00e8 gestito da persona di comprovata esperienza, mediante l&#8217;utilizzo dei pi\u00f9 avanzati software gestionali. <\/p>\n\n\n\n<p class=\"has-text-align-center\">L&#8217;attivit\u00e0 di elaborazione dati contabili, fiscali e l&#8217;assistenza tributaria\/fiscale a cura dello Studio Tributario Comai&nbsp;\u00e8 svolta con particolare meticolosit\u00e0 e puntualit\u00e0 con i dati ed i documenti forniti dal cliente.<\/p>\n","protected":false},"excerpt":{"rendered":"<p>&#8220;Sempre al fianco della tua impresa&#8221; LC Studio di&nbsp;dott.ssa Lara Comai offre servizi di alto livello alle aziende, accompagnando passo dopo passo i propri assistiti nei complessi meandri fiscali. Il servizio di elaborazione elettronica&#46;&#46;&#46;<\/p>\n","protected":false},"author":1408,"featured_media":0,"parent":0,"menu_order":1,"comment_status":"closed","ping_status":"closed","template":"","meta":[],"_links":{"self":[{"href":"https:\/\/www.ilmiostudioonline.com\/studiocomai\/wp-json\/wp\/v2\/pages\/4"}],"collection":[{"href":"https:\/\/www.ilmiostudioonline.com\/studiocomai\/wp-json\/wp\/v2\/pages"}],"about":[{"href":"https:\/\/www.ilmiostudioonline.com\/studiocomai\/wp-json\/wp\/v2\/types\/page"}],"author":[{"embeddable":true,"href":"https:\/\/www.ilmiostudioonline.com\/studiocomai\/wp-json\/wp\/v2\/users\/1408"}],"replies":[{"embeddable":true,"href":"https:\/\/www.ilmiostudioonline.com\/studiocomai\/wp-json\/wp\/v2\/comments?post=4"}],"version-history":[{"count":9,"href":"https:\/\/www.ilmiostudioonline.com\/studiocomai\/wp-json\/wp\/v2\/pages\/4\/revisions"}],"predecessor-version":[{"id":133522,"href":"https:\/\/www.ilmiostudioonline.com\/studiocomai\/wp-json\/wp\/v2\/pages\/4\/revisions\/133522"}],"wp:attachment":[{"href":"https:\/\/www.ilmiostudioonline.com\/studiocomai\/wp-json\/wp\/v2\/media?parent=4"}],"curies":[{"name":"wp","href":"https:\/\/api.w.org\/{rel}","templated":true}]}}